{"id":824,"date":"2024-01-28T15:13:54","date_gmt":"2024-01-28T15:13:54","guid":{"rendered":"https:\/\/kairon.at\/Kairon4\/?page_id=824"},"modified":"2024-01-28T15:13:54","modified_gmt":"2024-01-28T15:13:54","slug":"videotutorien","status":"publish","type":"page","link":"https:\/\/kairon.at\/Kairon4\/videotutorien\/","title":{"rendered":"Videotutorien"},"content":{"rendered":"\n<p>Englisches Video f\u00fcr den Import und die Organisation von Daten in Kairon 4. <\/p>\n\n\n\n<div class=\"wp-block-buttons is-layout-flex wp-block-buttons-is-layout-flex\">\n<div class=\"wp-block-button\"><a class=\"wp-block-button__link wp-element-button\" href=\"https:\/\/www.loom.com\/share\/acbe84748c7244e5ba3941a06a6b8c7e?sid=3c5fa3cd-ba62-49a8-a874-60c54d495f82\" target=\"_blank\" rel=\"noreferrer noopener\">Datenimport und Kategorien<\/a><\/div>\n<\/div>\n\n\n\n<p>Englisches Video \u00fcber unterschiedliche Einstellungen in Kairon 4.<\/p>\n\n\n\n<div class=\"wp-block-buttons is-layout-flex wp-block-buttons-is-layout-flex\">\n<div class=\"wp-block-button\"><a class=\"wp-block-button__link wp-element-button\" href=\"https:\/\/www.loom.com\/share\/6855930dd34d49629c50cbb1dee7dcd9?sid=68536b05-0302-4cfb-89dc-1a19f6ab9aaa\" target=\"_blank\" rel=\"noreferrer noopener\">Einstellungen<\/a><\/div>\n<\/div>\n\n\n\n<p>Englisches Video \u00fcber die Verwendung von Symbolen f\u00fcr himmlische Objekte.<\/p>\n\n\n\n<div class=\"wp-block-buttons is-layout-flex wp-block-buttons-is-layout-flex\">\n<div class=\"wp-block-button\"><a class=\"wp-block-button__link wp-element-button\" href=\"https:\/\/www.loom.com\/share\/81134f0cfdcd4ee3adb9664170be0977?sid=0729dd86-8562-415a-a64d-e53e19a7b6d6\" target=\"_blank\" rel=\"noreferrer noopener\">Eigene Symbole<\/a><\/div>\n<\/div>\n","protected":false},"excerpt":{"rendered":"<p>Englisches Video f\u00fcr den Import und die Organisation von Daten in Kairon 4. Englisches Video \u00fcber unterschiedliche Einstellungen in Kairon 4. Englisches Video \u00fcber die Verwendung von Symbolen f\u00fcr himmlische Objekte.<\/p>\n","protected":false},"author":1,"featured_media":0,"parent":0,"menu_order":0,"comment_status":"closed","ping_status":"closed","template":"","meta":{"footnotes":""},"class_list":["post-824","page","type-page","status-publish","hentry"],"_links":{"self":[{"href":"https:\/\/kairon.at\/Kairon4\/wp-json\/wp\/v2\/pages\/824","targetHints":{"allow":["GET"]}}],"collection":[{"href":"https:\/\/kairon.at\/Kairon4\/wp-json\/wp\/v2\/pages"}],"about":[{"href":"https:\/\/kairon.at\/Kairon4\/wp-json\/wp\/v2\/types\/page"}],"author":[{"embeddable":true,"href":"https:\/\/kairon.at\/Kairon4\/wp-json\/wp\/v2\/users\/1"}],"replies":[{"embeddable":true,"href":"https:\/\/kairon.at\/Kairon4\/wp-json\/wp\/v2\/comments?post=824"}],"version-history":[{"count":1,"href":"https:\/\/kairon.at\/Kairon4\/wp-json\/wp\/v2\/pages\/824\/revisions"}],"predecessor-version":[{"id":825,"href":"https:\/\/kairon.at\/Kairon4\/wp-json\/wp\/v2\/pages\/824\/revisions\/825"}],"wp:attachment":[{"href":"https:\/\/kairon.at\/Kairon4\/wp-json\/wp\/v2\/media?parent=824"}],"curies":[{"name":"wp","href":"https:\/\/api.w.org\/{rel}","templated":true}]}}