{"id":19,"date":"2019-12-15T17:12:37","date_gmt":"2019-12-15T17:12:37","guid":{"rendered":"https:\/\/kairon.at\/Kairon4\/?page_id=19"},"modified":"2020-01-19T17:43:41","modified_gmt":"2020-01-19T17:43:41","slug":"ueber-uns","status":"publish","type":"page","link":"https:\/\/kairon.at\/Kairon4\/ueber-uns\/","title":{"rendered":"\u00dcber uns"},"content":{"rendered":"\n<p>&#8222;Kairon&#8220; ist der Name einer Astrologie Software f\u00fcr den Apple Macintosh. Es ist Shareware und ist f\u00fcr die Verwendung unter &#8222;Panther&#8220; (MacOS X 10.3) bestimmt und f\u00fcr neuere. Kairon 3.6 kann von <a href=\"https:\/\/kairon.cc\">https:\/\/kairon.cc<\/a> heruntergeladen werden, Kairon4 vom <a href=\"https:\/\/apps.apple.com\/us\/app\/kairon\/id1486474977?l=de&amp;ls=1&amp;mt=12\" target=\"_blank\" rel=\"noreferrer noopener\" aria-label=\"Mac AppStore (\u00f6ffnet in neuem Tab)\">Mac AppStore<\/a>.<\/p>\n\n\n\n<h4 class=\"wp-block-heading\">Herkunft, Philosophie und Bedeutung des Namens<\/h4>\n\n\n\n<p>&#8222;Kairon&#8220; ist eine ein wenig internationalere Schreibweise f\u00fcr &#8222;Chiron&#8220;, den ber\u00fchmten Asteroiden &#8211; benannt nach dem noch ber\u00fchmteren Kentaur. Dies, damit nicht einige Unselige den Namen als &#8222;Schieron&#8220; aussprechen w\u00e4hrend wiederum andere &#8222;Kieron&#8220; dazu sagen und einige wenige &#8222;Kairon&#8220;.<br>So beschloss ich diesen weltoffeneren Zugang. Wie es viele Sichtweisen gibt den Namen &#8222;Chiron&#8220; zu betrachten, so gibt es auch viele Sichtweisen auf das Leben. Das Wort &#8222;Leben&#8220; liegt ganz nahe bei den Worten &#8222;lieben&#8220; und &#8222;leben&#8220; was bestimmte Spekulationen geradezu heraufbeschw\u00f6rt. Ebenso wie f\u00fcr die Art zu &#8222;leben&#8220; haben wir auch viele Konzepte f\u00fcr das, was wir unter &#8222;lieben&#8220; verstehen.<br>Kairon, in all seiner Tragik, scheint mir am besten zu beschreiben, was ich pers\u00f6nlich an der &#8222;Liebe&#8220; sch\u00e4tze. Etliche Jahre sah ich mich v\u00f6llig ausserstande ein Symbol f\u00fcr (in meinen Augen) &#8222;wahre Liebe&#8220; zu entdecken. Nicht aber nur das Leben des Kairon ist ein solches Symbol, sondern auch die Glyphe seines Namens, falls wir sie so verwenden, wie hier und mit Respekt auf\u00a0<a rel=\"noreferrer noopener\" href=\"http:\/\/www.zanestein.com\/chiron.htm\" target=\"_blank\">Zane Stein<\/a>. Liebe (deren Quell ein offenes Herz ist &#8211; im Gegensatz zu Leidenschaft) vermag es nicht sich vollst\u00e4ndig auszudr\u00fccken in einer Welt, die auf der Gegens\u00e4tzlichkeit beruht. Kairon&#8217;s Lebensweg ist nicht das einzige Beispiel f\u00fcr das, was einem Helden aus dem Anderswo hier bl\u00fchen kann. Aber seine pers\u00f6nliche Art des Umgangs mit alledem ist ausgesprochen konsequent. Obiger Link ist ein echter Schl\u00fcssel um mehr \u00fcber Kairon &#8222;(Chiron) and his friends&#8220; herauszufinden&#8230;<\/p>\n","protected":false},"excerpt":{"rendered":"<p>&#8222;Kairon&#8220; ist der Name einer Astrologie Software f\u00fcr den Apple Macintosh. Es ist Shareware und ist f\u00fcr die Verwendung unter &#8222;Panther&#8220; (MacOS X 10.3) bestimmt und f\u00fcr neuere. Kairon 3.6 kann von https:\/\/kairon.cc heruntergeladen werden, Kairon4 vom Mac AppStore. Herkunft, Philosophie und Bedeutung des Namens &#8222;Kairon&#8220; ist eine ein wenig internationalere Schreibweise f\u00fcr &#8222;Chiron&#8220;, den [&hellip;]<\/p>\n","protected":false},"author":1,"featured_media":0,"parent":0,"menu_order":0,"comment_status":"closed","ping_status":"closed","template":"","meta":{"footnotes":""},"class_list":["post-19","page","type-page","status-publish","hentry"],"_links":{"self":[{"href":"https:\/\/kairon.at\/Kairon4\/wp-json\/wp\/v2\/pages\/19","targetHints":{"allow":["GET"]}}],"collection":[{"href":"https:\/\/kairon.at\/Kairon4\/wp-json\/wp\/v2\/pages"}],"about":[{"href":"https:\/\/kairon.at\/Kairon4\/wp-json\/wp\/v2\/types\/page"}],"author":[{"embeddable":true,"href":"https:\/\/kairon.at\/Kairon4\/wp-json\/wp\/v2\/users\/1"}],"replies":[{"embeddable":true,"href":"https:\/\/kairon.at\/Kairon4\/wp-json\/wp\/v2\/comments?post=19"}],"version-history":[{"count":9,"href":"https:\/\/kairon.at\/Kairon4\/wp-json\/wp\/v2\/pages\/19\/revisions"}],"predecessor-version":[{"id":341,"href":"https:\/\/kairon.at\/Kairon4\/wp-json\/wp\/v2\/pages\/19\/revisions\/341"}],"wp:attachment":[{"href":"https:\/\/kairon.at\/Kairon4\/wp-json\/wp\/v2\/media?parent=19"}],"curies":[{"name":"wp","href":"https:\/\/api.w.org\/{rel}","templated":true}]}}